{"id":1507,"date":"2023-03-29T12:24:36","date_gmt":"2023-03-29T12:24:36","guid":{"rendered":"https:\/\/www.imvertec.com\/?page_id=1507"},"modified":"2023-03-29T12:26:01","modified_gmt":"2023-03-29T12:26:01","slug":"installation-de-systemes-de-remplissage-automatiques","status":"publish","type":"page","link":"https:\/\/www.imvertec.com\/fr\/installation-de-systemes-de-remplissage-automatiques\/","title":{"rendered":"Installation de syst\u00e8mes de remplissage automatiques"},"content":{"rendered":"<p>[et_pb_section fb_built=\u00a0\u00bb1&Prime; fullwidth=\u00a0\u00bbon\u00a0\u00bb _builder_version=\u00a0\u00bb4.16&Prime; custom_padding=\u00a0\u00bb0px|0px|0px|0px\u00a0\u00bb global_colors_info=\u00a0\u00bb{}\u00a0\u00bb][\/et_pb_section][et_pb_section fb_built=\u00a0\u00bb1&Prime; _builder_version=\u00a0\u00bb4.16&Prime; custom_padding=\u00a0\u00bb0px|0px|0px|0px\u00a0\u00bb global_colors_info=\u00a0\u00bb{}\u00a0\u00bb][et_pb_row column_structure=\u00a0\u00bb1_3,1_3,1_3&Prime; _builder_version=\u00a0\u00bb4.16&Prime; _module_preset=\u00a0\u00bbdefault\u00a0\u00bb global_colors_info=\u00a0\u00bb{}\u00a0\u00bb][et_pb_column type=\u00a0\u00bb1_3&Prime; _builder_version=\u00a0\u00bb4.16&Prime; _module_preset=\u00a0\u00bbdefault\u00a0\u00bb global_colors_info=\u00a0\u00bb{}\u00a0\u00bb][et_pb_code _builder_version=\u00a0\u00bb4.20.0&Prime; _module_preset=\u00a0\u00bbdefault\u00a0\u00bb global_colors_info=\u00a0\u00bb{}\u00a0\u00bb]<span class=\"grizzly-check\"><strong>&check;<\/strong>Machines adapt\u00e9es aux besoins du client<\/span> [\/et_pb_code][\/et_pb_column][et_pb_column type=\u00a0\u00bb1_3&Prime; _builder_version=\u00a0\u00bb4.16&Prime; _module_preset=\u00a0\u00bbdefault\u00a0\u00bb global_colors_info=\u00a0\u00bb{}\u00a0\u00bb][et_pb_code _builder_version=\u00a0\u00bb4.20.0&Prime; _module_preset=\u00a0\u00bbdefault\u00a0\u00bb global_colors_info=\u00a0\u00bb{}\u00a0\u00bb]<span class=\"grizzly-check\"><strong>&check;<\/strong>Service apr\u00e8s-vente<\/span> [\/et_pb_code][\/et_pb_column][et_pb_column type=\u00a0\u00bb1_3&Prime; _builder_version=\u00a0\u00bb4.16&Prime; _module_preset=\u00a0\u00bbdefault\u00a0\u00bb global_colors_info=\u00a0\u00bb{}\u00a0\u00bb][et_pb_code _builder_version=\u00a0\u00bb4.20.0&Prime; _module_preset=\u00a0\u00bbdefault\u00a0\u00bb global_colors_info=\u00a0\u00bb{}\u00a0\u00bb]<span class=\"grizzly-check\"><strong>&check;<\/strong>Installation sur site<\/span> [\/et_pb_code][\/et_pb_column][\/et_pb_row][et_pb_row column_structure=\u00a0\u00bb1_2,1_2&Prime; make_equal=\u00a0\u00bbon\u00a0\u00bb module_class=\u00a0\u00bbgrizzly-tekst\u00a0\u00bb _builder_version=\u00a0\u00bb4.16&Prime; _module_preset=\u00a0\u00bbdefault\u00a0\u00bb global_colors_info=\u00a0\u00bb{}\u00a0\u00bb][et_pb_column type=\u00a0\u00bb1_2&Prime; _builder_version=\u00a0\u00bb4.16&Prime; _module_preset=\u00a0\u00bbdefault\u00a0\u00bb global_colors_info=\u00a0\u00bb{}\u00a0\u00bb][et_pb_text _builder_version=\u00a0\u00bb4.20.0&Prime; _module_preset=\u00a0\u00bbdefault\u00a0\u00bb hover_enabled=\u00a0\u00bb0&Prime; global_colors_info=\u00a0\u00bb{}\u00a0\u00bb sticky_enabled=\u00a0\u00bb0&Prime;]<\/p>\n<h1>L&rsquo;installation de syst\u00e8mes de remplissage automatiques<\/h1>\n<p>Chaque installation de syst\u00e8mes de remplissage automatiques fait l&rsquo;objet d&rsquo;une \u00e9tude technique permettant de d\u00e9terminer la technologie \u00e0 privil\u00e9gier, le type de machine selon l&rsquo;espace disponible, la marque, le mod\u00e8le, etc. L&rsquo;installation de syst\u00e8mes de remplissage automatiques prend en compte les diff\u00e9rentes exigences comme la pr\u00e9sence d&rsquo;un \u00e9cran tactile, la possibilit\u00e9 de changer de vitesse et de programmer les diff\u00e9rents param\u00e8tres, etc.<\/p>\n<p>[\/et_pb_text][\/et_pb_column][et_pb_column type=\u00a0\u00bb1_2&Prime; _builder_version=\u00a0\u00bb4.16&Prime; _module_preset=\u00a0\u00bbdefault\u00a0\u00bb global_colors_info=\u00a0\u00bb{}\u00a0\u00bb][et_pb_image src=\u00a0\u00bbhttps:\/\/www.imvertec.com\/wp-content\/uploads\/2018\/03\/Monobloc-eyedrops.jpg\u00a0\u00bb alt=\u00a0\u00bbMonobloc eyedrops\u00a0\u00bb title_text=\u00a0\u00bbMonobloc eyedrops\u00a0\u00bb _builder_version=\u00a0\u00bb4.16&Prime; _module_preset=\u00a0\u00bbdefault\u00a0\u00bb global_colors_info=\u00a0\u00bb{}\u00a0\u00bb][\/et_pb_image][\/et_pb_column][\/et_pb_row][et_pb_row _builder_version=\u00a0\u00bb4.16&Prime; _module_preset=\u00a0\u00bbdefault\u00a0\u00bb custom_margin=\u00a0\u00bb0px||0px||true|false\u00a0\u00bb custom_padding=\u00a0\u00bb0px||0px||true|false\u00a0\u00bb global_colors_info=\u00a0\u00bb{}\u00a0\u00bb][et_pb_column type=\u00a0\u00bb4_4&Prime; _builder_version=\u00a0\u00bb4.16&Prime; _module_preset=\u00a0\u00bbdefault\u00a0\u00bb global_colors_info=\u00a0\u00bb{}\u00a0\u00bb][et_pb_text _builder_version=\u00a0\u00bb4.20.0&Prime; _module_preset=\u00a0\u00bbdefault\u00a0\u00bb global_colors_info=\u00a0\u00bb{}\u00a0\u00bb]<\/p>\n<h2>Vous vous demandez si nous pouvons vous aider?<\/h2>\n<p>[\/et_pb_text][et_pb_button button_url=\u00a0\u00bbhttps:\/\/www.imvertec.com\/fr\/contact\/\u00a0\u00bb button_text=\u00a0\u00bbVeuillez nous contacter directement\u00a0\u00bb _builder_version=\u00a0\u00bb4.20.0&Prime; _module_preset=\u00a0\u00bbdefault\u00a0\u00bb global_colors_info=\u00a0\u00bb{}\u00a0\u00bb][\/et_pb_button][\/et_pb_column][\/et_pb_row][et_pb_row column_structure=\u00a0\u00bb1_2,1_2&Prime; make_equal=\u00a0\u00bbon\u00a0\u00bb module_class=\u00a0\u00bbgrizzly-tekst\u00a0\u00bb _builder_version=\u00a0\u00bb4.16&Prime; _module_preset=\u00a0\u00bbdefault\u00a0\u00bb global_colors_info=\u00a0\u00bb{}\u00a0\u00bb][et_pb_column type=\u00a0\u00bb1_2&Prime; _builder_version=\u00a0\u00bb4.16&Prime; _module_preset=\u00a0\u00bbdefault\u00a0\u00bb global_colors_info=\u00a0\u00bb{}\u00a0\u00bb][et_pb_image src=\u00a0\u00bbhttps:\/\/www.imvertec.com\/wp-content\/uploads\/2018\/05\/kolman-afvulmachines.jpg\u00a0\u00bb alt=\u00a0\u00bbAfvulmachine\u00a0\u00bb title_text=\u00a0\u00bbkolman-afvulmachines\u00a0\u00bb align=\u00a0\u00bbcenter\u00a0\u00bb _builder_version=\u00a0\u00bb4.16&Prime; _module_preset=\u00a0\u00bbdefault\u00a0\u00bb height=\u00a0\u00bb550px\u00a0\u00bb height_tablet=\u00a0\u00bb550px\u00a0\u00bb height_phone=\u00a0\u00bb400px\u00a0\u00bb height_last_edited=\u00a0\u00bbon|phone\u00a0\u00bb global_colors_info=\u00a0\u00bb{}\u00a0\u00bb][\/et_pb_image][\/et_pb_column][et_pb_column type=\u00a0\u00bb1_2&Prime; _builder_version=\u00a0\u00bb4.16&Prime; _module_preset=\u00a0\u00bbdefault\u00a0\u00bb global_colors_info=\u00a0\u00bb{}\u00a0\u00bb][et_pb_text module_class=\u00a0\u00bbgrizzly-tekst\u00a0\u00bb _builder_version=\u00a0\u00bb4.20.0&Prime; _module_preset=\u00a0\u00bbdefault\u00a0\u00bb hover_enabled=\u00a0\u00bb0&Prime; global_colors_info=\u00a0\u00bb{}\u00a0\u00bb sticky_enabled=\u00a0\u00bb0&Prime;]<\/p>\n<h2>Des marques reconnues, fiables et de grande long\u00e9vit\u00e9<\/h2>\n<p>Les remplisseuses avec dosage automatique du produit de marque Fillflex, par exemple, ont un aspect et un fonctionnement tr\u00e8s diff\u00e9rents des machines \u00e0 piston, disposant de pompes \u00e0 propulsion \u00e9lectrique. Cette solution permet de garder le contr\u00f4le sur le syst\u00e8me de remplissage et reste tr\u00e8s sp\u00e9cifique. Seuls des techniciens confirm\u00e9s peuvent proc\u00e9der \u00e0 l&rsquo;installation de syst\u00e8mes de remplissage automatiques permettant de remplir aussi bien des petits flacons que de gros f\u00fbts. Vous pouvez compter sur nos experts pour l\u2019installation de <span><a href=\"https:\/\/www.imvertec.com\/fr\/produits\/des-machines-de-remplissage\/\">machines de remplissage automatiques<\/a><\/span> suivantes\u00a0:<\/p>\n<ul>\n<li><span><a href=\"https:\/\/www.imvertec.com\/fr\/produits\/des-machines-a-capsuler\/\">Machine \u00e0 capsuler les bouteilles<\/a><\/span><\/li>\n<li><span><a href=\"https:\/\/www.imvertec.com\/fr\/remplisseuse-de-pots\/\">Remplisseuses de pots<\/a><\/span><\/li>\n<li><span><a href=\"https:\/\/www.imvertec.com\/fr\/machines-a-remplir-les-huiles\/\">Machines \u00e0 remplir les huiles<\/a><\/span><\/li>\n<\/ul>\n<p>[\/et_pb_text][\/et_pb_column][\/et_pb_row][et_pb_row module_class=\u00a0\u00bbgrizzly-tekst\u00a0\u00bb _builder_version=\u00a0\u00bb4.16&Prime; _module_preset=\u00a0\u00bbdefault\u00a0\u00bb global_colors_info=\u00a0\u00bb{}\u00a0\u00bb][et_pb_column type=\u00a0\u00bb4_4&Prime; _builder_version=\u00a0\u00bb4.16&Prime; _module_preset=\u00a0\u00bbdefault\u00a0\u00bb global_colors_info=\u00a0\u00bb{}\u00a0\u00bb][et_pb_text module_class=\u00a0\u00bbgrizzly-tekst\u00a0\u00bb _builder_version=\u00a0\u00bb4.20.0&Prime; _module_preset=\u00a0\u00bbdefault\u00a0\u00bb hover_enabled=\u00a0\u00bb0&Prime; global_colors_info=\u00a0\u00bb{}\u00a0\u00bb sticky_enabled=\u00a0\u00bb0&Prime;]<\/p>\n<h3>La proc\u00e9dure Imvertec pour la pose de machines de remplissage<\/h3>\n<p>L&rsquo;installation de syst\u00e8mes de remplissage automatiques fait l&rsquo;objet d&rsquo;une \u00e9tude de projet rigoureuse par les soci\u00e9t\u00e9s expertes dans le domaine comme Imvertec. Lors de l&rsquo;implantation, de nombreux contr\u00f4les sont r\u00e9alis\u00e9s pour que le fonctionnement soit optimum, quels que soient les besoins et les r\u00e9glages effectu\u00e9s. Apr\u00e8s avoir r\u00e9alis\u00e9 une d\u00e9monstration, les techniciens mettent en place le SAV et se tiennent \u00e0 disposition de leurs clients pour r\u00e9pondre \u00e0 toute question. L&rsquo;installation d&rsquo;un syst\u00e8me de remplissage automatique pr\u00e9voit l&rsquo;adaptation \u00e0 la production avec la possibilit\u00e9 de poser un convoyeur ou d&rsquo;autres \u00e9quipements en p\u00e9riph\u00e9rie. <span><a href=\"https:\/\/www.imvertec.com\/fr\/contact\/\">Contactez-nous<\/a><\/span> pour plus d\u2019informations sur <span><a href=\"https:\/\/www.imvertec.com\/fr\/vente-de-machines-de-dosage\/\">la vente des machines<\/a><\/span>.<\/p>\n<p>[\/et_pb_text][\/et_pb_column][\/et_pb_row][et_pb_row _builder_version=\u00a0\u00bb4.20.0&Prime; _module_preset=\u00a0\u00bbdefault\u00a0\u00bb global_colors_info=\u00a0\u00bb{}\u00a0\u00bb][et_pb_column type=\u00a0\u00bb4_4&Prime; _builder_version=\u00a0\u00bb4.20.0&Prime; _module_preset=\u00a0\u00bbdefault\u00a0\u00bb global_colors_info=\u00a0\u00bb{}\u00a0\u00bb][et_pb_map address=\u00a0\u00bbJan van de Wouwerstraat 58, 2660 Antwerpen, Belgi\u00eb\u00a0\u00bb address_lat=\u00a0\u00bb51.1816767&Prime; address_lng=\u00a0\u00bb4.3652333&Prime; _builder_version=\u00a0\u00bb4.20.0&Prime; _module_preset=\u00a0\u00bbdefault\u00a0\u00bb global_colors_info=\u00a0\u00bb{}\u00a0\u00bb][et_pb_map_pin pin_address=\u00a0\u00bbJan van de Wouwerstraat 58, 2660 Antwerpen, Belgi\u00eb\u00a0\u00bb pin_address_lat=\u00a0\u00bb51.1816767&Prime; pin_address_lng=\u00a0\u00bb4.3652333&Prime; _builder_version=\u00a0\u00bb4.20.0&Prime; _module_preset=\u00a0\u00bbdefault\u00a0\u00bb global_colors_info=\u00a0\u00bb{}\u00a0\u00bb][\/et_pb_map_pin][\/et_pb_map][\/et_pb_column][\/et_pb_row][\/et_pb_section]<\/p>\n","protected":false},"excerpt":{"rendered":"<p>L&rsquo;installation de syst\u00e8mes de remplissage automatiques Chaque installation de syst\u00e8mes de remplissage automatiques fait l&rsquo;objet d&rsquo;une \u00e9tude technique permettant de d\u00e9terminer la technologie \u00e0 privil\u00e9gier, le type de machine selon l&rsquo;espace disponible, la marque, le mod\u00e8le, etc. L&rsquo;installation de syst\u00e8mes de remplissage automatiques prend en compte les diff\u00e9rentes exigences comme la pr\u00e9sence d&rsquo;un \u00e9cran tactile, [&hellip;]<\/p>\n","protected":false},"author":2,"featured_media":0,"parent":0,"menu_order":0,"comment_status":"closed","ping_status":"closed","template":"","meta":{"_et_pb_use_builder":"on","_et_pb_old_content":"","_et_gb_content_width":"","footnotes":""},"class_list":["post-1507","page","type-page","status-publish","hentry"],"yoast_head":"<!-- This site is optimized with the Yoast SEO plugin v27.1.1 - https:\/\/yoast.com\/product\/yoast-seo-wordpress\/ -->\n<title>L&#039;installation de syst\u00e8mes de remplissage automatiques<\/title>\n<meta name=\"description\" content=\"Cherchez-vous un expert pour l&#039;installation de syst\u00e8mes de remplissage automatiques ? Nous pouvons vous aider. Contactez-nous.\" \/>\n<meta name=\"robots\" content=\"index, follow, max-snippet:-1, max-image-preview:large, max-video-preview:-1\" \/>\n<link rel=\"canonical\" href=\"https:\/\/www.imvertec.com\/fr\/installation-de-systemes-de-remplissage-automatiques\/\" \/>\n<meta property=\"og:locale\" content=\"fr_FR\" \/>\n<meta property=\"og:type\" content=\"article\" \/>\n<meta property=\"og:title\" content=\"L&#039;installation de syst\u00e8mes de remplissage automatiques\" \/>\n<meta property=\"og:description\" content=\"Cherchez-vous un expert pour l&#039;installation de syst\u00e8mes de remplissage automatiques ? Nous pouvons vous aider. Contactez-nous.\" \/>\n<meta property=\"og:url\" content=\"https:\/\/www.imvertec.com\/fr\/installation-de-systemes-de-remplissage-automatiques\/\" \/>\n<meta property=\"og:site_name\" content=\"Imvertec\" \/>\n<meta property=\"article:modified_time\" content=\"2023-03-29T12:26:01+00:00\" \/>\n<meta name=\"twitter:card\" content=\"summary_large_image\" \/>\n<meta name=\"twitter:label1\" content=\"Dur\u00e9e de lecture estim\u00e9e\" \/>\n\t<meta name=\"twitter:data1\" content=\"2 minutes\" \/>\n<script type=\"application\/ld+json\" class=\"yoast-schema-graph\">{\"@context\":\"https:\/\/schema.org\",\"@graph\":[{\"@type\":\"WebPage\",\"@id\":\"https:\/\/www.imvertec.com\/fr\/installation-de-systemes-de-remplissage-automatiques\/\",\"url\":\"https:\/\/www.imvertec.com\/fr\/installation-de-systemes-de-remplissage-automatiques\/\",\"name\":\"L'installation de syst\u00e8mes de remplissage automatiques\",\"isPartOf\":{\"@id\":\"https:\/\/www.imvertec.com\/fr\/#website\"},\"datePublished\":\"2023-03-29T12:24:36+00:00\",\"dateModified\":\"2023-03-29T12:26:01+00:00\",\"description\":\"Cherchez-vous un expert pour l'installation de syst\u00e8mes de remplissage automatiques ? Nous pouvons vous aider. Contactez-nous.\",\"breadcrumb\":{\"@id\":\"https:\/\/www.imvertec.com\/fr\/installation-de-systemes-de-remplissage-automatiques\/#breadcrumb\"},\"inLanguage\":\"fr-FR\",\"potentialAction\":[{\"@type\":\"ReadAction\",\"target\":[\"https:\/\/www.imvertec.com\/fr\/installation-de-systemes-de-remplissage-automatiques\/\"]}]},{\"@type\":\"BreadcrumbList\",\"@id\":\"https:\/\/www.imvertec.com\/fr\/installation-de-systemes-de-remplissage-automatiques\/#breadcrumb\",\"itemListElement\":[{\"@type\":\"ListItem\",\"position\":1,\"name\":\"Home\",\"item\":\"https:\/\/www.imvertec.com\/fr\/\"},{\"@type\":\"ListItem\",\"position\":2,\"name\":\"Installation de syst\u00e8mes de remplissage automatiques\"}]},{\"@type\":\"WebSite\",\"@id\":\"https:\/\/www.imvertec.com\/fr\/#website\",\"url\":\"https:\/\/www.imvertec.com\/fr\/\",\"name\":\"Imvertec\",\"description\":\"Verpakken is ons vak!\",\"potentialAction\":[{\"@type\":\"SearchAction\",\"target\":{\"@type\":\"EntryPoint\",\"urlTemplate\":\"https:\/\/www.imvertec.com\/fr\/?s={search_term_string}\"},\"query-input\":{\"@type\":\"PropertyValueSpecification\",\"valueRequired\":true,\"valueName\":\"search_term_string\"}}],\"inLanguage\":\"fr-FR\"}]}<\/script>\n<!-- \/ Yoast SEO plugin. -->","yoast_head_json":{"title":"L'installation de syst\u00e8mes de remplissage automatiques","description":"Cherchez-vous un expert pour l'installation de syst\u00e8mes de remplissage automatiques ? Nous pouvons vous aider. Contactez-nous.","robots":{"index":"index","follow":"follow","max-snippet":"max-snippet:-1","max-image-preview":"max-image-preview:large","max-video-preview":"max-video-preview:-1"},"canonical":"https:\/\/www.imvertec.com\/fr\/installation-de-systemes-de-remplissage-automatiques\/","og_locale":"fr_FR","og_type":"article","og_title":"L'installation de syst\u00e8mes de remplissage automatiques","og_description":"Cherchez-vous un expert pour l'installation de syst\u00e8mes de remplissage automatiques ? Nous pouvons vous aider. Contactez-nous.","og_url":"https:\/\/www.imvertec.com\/fr\/installation-de-systemes-de-remplissage-automatiques\/","og_site_name":"Imvertec","article_modified_time":"2023-03-29T12:26:01+00:00","twitter_card":"summary_large_image","twitter_misc":{"Dur\u00e9e de lecture estim\u00e9e":"2 minutes"},"schema":{"@context":"https:\/\/schema.org","@graph":[{"@type":"WebPage","@id":"https:\/\/www.imvertec.com\/fr\/installation-de-systemes-de-remplissage-automatiques\/","url":"https:\/\/www.imvertec.com\/fr\/installation-de-systemes-de-remplissage-automatiques\/","name":"L'installation de syst\u00e8mes de remplissage automatiques","isPartOf":{"@id":"https:\/\/www.imvertec.com\/fr\/#website"},"datePublished":"2023-03-29T12:24:36+00:00","dateModified":"2023-03-29T12:26:01+00:00","description":"Cherchez-vous un expert pour l'installation de syst\u00e8mes de remplissage automatiques ? Nous pouvons vous aider. Contactez-nous.","breadcrumb":{"@id":"https:\/\/www.imvertec.com\/fr\/installation-de-systemes-de-remplissage-automatiques\/#breadcrumb"},"inLanguage":"fr-FR","potentialAction":[{"@type":"ReadAction","target":["https:\/\/www.imvertec.com\/fr\/installation-de-systemes-de-remplissage-automatiques\/"]}]},{"@type":"BreadcrumbList","@id":"https:\/\/www.imvertec.com\/fr\/installation-de-systemes-de-remplissage-automatiques\/#breadcrumb","itemListElement":[{"@type":"ListItem","position":1,"name":"Home","item":"https:\/\/www.imvertec.com\/fr\/"},{"@type":"ListItem","position":2,"name":"Installation de syst\u00e8mes de remplissage automatiques"}]},{"@type":"WebSite","@id":"https:\/\/www.imvertec.com\/fr\/#website","url":"https:\/\/www.imvertec.com\/fr\/","name":"Imvertec","description":"Verpakken is ons vak!","potentialAction":[{"@type":"SearchAction","target":{"@type":"EntryPoint","urlTemplate":"https:\/\/www.imvertec.com\/fr\/?s={search_term_string}"},"query-input":{"@type":"PropertyValueSpecification","valueRequired":true,"valueName":"search_term_string"}}],"inLanguage":"fr-FR"}]}},"_links":{"self":[{"href":"https:\/\/www.imvertec.com\/fr\/wp-json\/wp\/v2\/pages\/1507","targetHints":{"allow":["GET"]}}],"collection":[{"href":"https:\/\/www.imvertec.com\/fr\/wp-json\/wp\/v2\/pages"}],"about":[{"href":"https:\/\/www.imvertec.com\/fr\/wp-json\/wp\/v2\/types\/page"}],"author":[{"embeddable":true,"href":"https:\/\/www.imvertec.com\/fr\/wp-json\/wp\/v2\/users\/2"}],"replies":[{"embeddable":true,"href":"https:\/\/www.imvertec.com\/fr\/wp-json\/wp\/v2\/comments?post=1507"}],"version-history":[{"count":3,"href":"https:\/\/www.imvertec.com\/fr\/wp-json\/wp\/v2\/pages\/1507\/revisions"}],"predecessor-version":[{"id":1510,"href":"https:\/\/www.imvertec.com\/fr\/wp-json\/wp\/v2\/pages\/1507\/revisions\/1510"}],"wp:attachment":[{"href":"https:\/\/www.imvertec.com\/fr\/wp-json\/wp\/v2\/media?parent=1507"}],"curies":[{"name":"wp","href":"https:\/\/api.w.org\/{rel}","templated":true}]}}