{"id":1323,"date":"2023-02-02T09:05:41","date_gmt":"2023-02-02T09:05:41","guid":{"rendered":"https:\/\/www.imvertec.com\/?page_id=1323"},"modified":"2023-02-02T10:20:45","modified_gmt":"2023-02-02T10:20:45","slug":"linstallation-dune-machine-de-remplissage-pour-un-bocal","status":"publish","type":"page","link":"https:\/\/www.imvertec.com\/fr\/linstallation-dune-machine-de-remplissage-pour-un-bocal\/","title":{"rendered":"L\u2019installation d\u2019une machine de remplissage pour un bocal"},"content":{"rendered":"<p>[et_pb_section fb_built=\u00a0\u00bb1&Prime; fullwidth=\u00a0\u00bbon\u00a0\u00bb _builder_version=\u00a0\u00bb4.16&Prime; custom_padding=\u00a0\u00bb0px|0px|0px|0px\u00a0\u00bb global_colors_info=\u00a0\u00bb{}\u00a0\u00bb][\/et_pb_section][et_pb_section fb_built=\u00a0\u00bb1&Prime; _builder_version=\u00a0\u00bb4.16&Prime; custom_padding=\u00a0\u00bb0px|0px|0px|0px\u00a0\u00bb global_colors_info=\u00a0\u00bb{}\u00a0\u00bb][et_pb_row column_structure=\u00a0\u00bb1_3,1_3,1_3&Prime; _builder_version=\u00a0\u00bb4.16&Prime; _module_preset=\u00a0\u00bbdefault\u00a0\u00bb global_colors_info=\u00a0\u00bb{}\u00a0\u00bb][et_pb_column type=\u00a0\u00bb1_3&Prime; _builder_version=\u00a0\u00bb4.16&Prime; _module_preset=\u00a0\u00bbdefault\u00a0\u00bb global_colors_info=\u00a0\u00bb{}\u00a0\u00bb][et_pb_code _builder_version=\u00a0\u00bb4.19.5&Prime; _module_preset=\u00a0\u00bbdefault\u00a0\u00bb global_colors_info=\u00a0\u00bb{}\u00a0\u00bb]<span class=\"grizzly-check\"><strong>\u2713<\/strong>Machines sur mesure<\/span> [\/et_pb_code][\/et_pb_column][et_pb_column type=\u00a0\u00bb1_3&Prime; _builder_version=\u00a0\u00bb4.16&Prime; _module_preset=\u00a0\u00bbdefault\u00a0\u00bb global_colors_info=\u00a0\u00bb{}\u00a0\u00bb][et_pb_code _builder_version=\u00a0\u00bb4.19.5&Prime; _module_preset=\u00a0\u00bbdefault\u00a0\u00bb global_colors_info=\u00a0\u00bb{}\u00a0\u00bb]<span class=\"grizzly-check\"><strong>\u2713<\/strong>Egalement service apr\u00e8s-vente<\/span> [\/et_pb_code][\/et_pb_column][et_pb_column type=\u00a0\u00bb1_3&Prime; _builder_version=\u00a0\u00bb4.16&Prime; _module_preset=\u00a0\u00bbdefault\u00a0\u00bb global_colors_info=\u00a0\u00bb{}\u00a0\u00bb][et_pb_code _builder_version=\u00a0\u00bb4.19.5&Prime; _module_preset=\u00a0\u00bbdefault\u00a0\u00bb global_colors_info=\u00a0\u00bb{}\u00a0\u00bb]<span class=\"grizzly-check\"><strong>\u2713<\/strong>Installation sur place<\/span> [\/et_pb_code][\/et_pb_column][\/et_pb_row][et_pb_row column_structure=\u00a0\u00bb1_2,1_2&Prime; make_equal=\u00a0\u00bbon\u00a0\u00bb module_class=\u00a0\u00bbgrizzly-tekst\u00a0\u00bb _builder_version=\u00a0\u00bb4.16&Prime; _module_preset=\u00a0\u00bbdefault\u00a0\u00bb global_colors_info=\u00a0\u00bb{}\u00a0\u00bb][et_pb_column type=\u00a0\u00bb1_2&Prime; _builder_version=\u00a0\u00bb4.16&Prime; _module_preset=\u00a0\u00bbdefault\u00a0\u00bb global_colors_info=\u00a0\u00bb{}\u00a0\u00bb][et_pb_text _builder_version=\u00a0\u00bb4.19.5&Prime; _module_preset=\u00a0\u00bbdefault\u00a0\u00bb global_colors_info=\u00a0\u00bb{}\u00a0\u00bb]<\/p>\n<h1>L\u2019installation d\u2019une machine de remplissage pour un bocal<\/h1>\n<p>Si vous voulez installer une machine de remplissage utilis\u00e9e pour remplir un bocal, vous pourrez toujours contacter Imvertec \u00e0 Anvers. Imvertec dispose d\u2019une large gamme de machines de remplissage de plusieurs marques. Imvertec ne vend non seulement des machines\u00a0 mais vient d\u2019ailleurs sur place pour l\u2019installation de votre machine de remplissage pour le remplissage des pots ou des bouteilles et en plus, Imvertec offre un service apr\u00e8s-vente impeccable.<\/p>\n<p>[\/et_pb_text][\/et_pb_column][et_pb_column type=\u00a0\u00bb1_2&Prime; _builder_version=\u00a0\u00bb4.16&Prime; _module_preset=\u00a0\u00bbdefault\u00a0\u00bb global_colors_info=\u00a0\u00bb{}\u00a0\u00bb][et_pb_image src=\u00a0\u00bbhttps:\/\/www.imvertec.com\/wp-content\/uploads\/2018\/03\/Monobloc-eyedrops.jpg\u00a0\u00bb alt=\u00a0\u00bbMonobloc eyedrops\u00a0\u00bb title_text=\u00a0\u00bbMonobloc eyedrops\u00a0\u00bb _builder_version=\u00a0\u00bb4.16&Prime; _module_preset=\u00a0\u00bbdefault\u00a0\u00bb global_colors_info=\u00a0\u00bb{}\u00a0\u00bb][\/et_pb_image][\/et_pb_column][\/et_pb_row][et_pb_row _builder_version=\u00a0\u00bb4.16&Prime; _module_preset=\u00a0\u00bbdefault\u00a0\u00bb custom_margin=\u00a0\u00bb0px||0px||true|false\u00a0\u00bb custom_padding=\u00a0\u00bb0px||0px||true|false\u00a0\u00bb global_colors_info=\u00a0\u00bb{}\u00a0\u00bb][et_pb_column type=\u00a0\u00bb4_4&Prime; _builder_version=\u00a0\u00bb4.16&Prime; _module_preset=\u00a0\u00bbdefault\u00a0\u00bb global_colors_info=\u00a0\u00bb{}\u00a0\u00bb][et_pb_text _builder_version=\u00a0\u00bb4.19.5&Prime; _module_preset=\u00a0\u00bbdefault\u00a0\u00bb global_colors_info=\u00a0\u00bb{}\u00a0\u00bb]<\/p>\n<h2>Vous vous demandez si Imvertec peut vous aider\u00a0?<\/h2>\n<p>[\/et_pb_text][et_pb_button button_url=\u00a0\u00bb\/fr\/contact\/\u00a0\u00bb button_text=\u00a0\u00bbVeuillez nous contacter imm\u00e9diatement\u00a0\u00bb _builder_version=\u00a0\u00bb4.19.5&Prime; _module_preset=\u00a0\u00bbdefault\u00a0\u00bb global_colors_info=\u00a0\u00bb{}\u00a0\u00bb][\/et_pb_button][\/et_pb_column][\/et_pb_row][et_pb_row column_structure=\u00a0\u00bb1_2,1_2&Prime; make_equal=\u00a0\u00bbon\u00a0\u00bb module_class=\u00a0\u00bbgrizzly-tekst\u00a0\u00bb _builder_version=\u00a0\u00bb4.16&Prime; _module_preset=\u00a0\u00bbdefault\u00a0\u00bb global_colors_info=\u00a0\u00bb{}\u00a0\u00bb][et_pb_column type=\u00a0\u00bb1_2&Prime; _builder_version=\u00a0\u00bb4.16&Prime; _module_preset=\u00a0\u00bbdefault\u00a0\u00bb global_colors_info=\u00a0\u00bb{}\u00a0\u00bb][et_pb_image src=\u00a0\u00bbhttps:\/\/www.imvertec.com\/wp-content\/uploads\/2018\/05\/kolman-afvulmachines.jpg\u00a0\u00bb alt=\u00a0\u00bbAfvulmachine\u00a0\u00bb title_text=\u00a0\u00bbkolman-afvulmachines\u00a0\u00bb align=\u00a0\u00bbcenter\u00a0\u00bb _builder_version=\u00a0\u00bb4.16&Prime; _module_preset=\u00a0\u00bbdefault\u00a0\u00bb height=\u00a0\u00bb550px\u00a0\u00bb height_tablet=\u00a0\u00bb550px\u00a0\u00bb height_phone=\u00a0\u00bb400px\u00a0\u00bb height_last_edited=\u00a0\u00bbon|phone\u00a0\u00bb global_colors_info=\u00a0\u00bb{}\u00a0\u00bb][\/et_pb_image][\/et_pb_column][et_pb_column type=\u00a0\u00bb1_2&Prime; _builder_version=\u00a0\u00bb4.16&Prime; _module_preset=\u00a0\u00bbdefault\u00a0\u00bb global_colors_info=\u00a0\u00bb{}\u00a0\u00bb][et_pb_text module_class=\u00a0\u00bbgrizzly-tekst\u00a0\u00bb _builder_version=\u00a0\u00bb4.19.5&Prime; _module_preset=\u00a0\u00bbdefault\u00a0\u00bb hover_enabled=\u00a0\u00bb0&Prime; global_colors_info=\u00a0\u00bb{}\u00a0\u00bb sticky_enabled=\u00a0\u00bb0&Prime;]<\/p>\n<p>Vous pouvez contacter Imvertec pour la \u00a0commande de tous types de machines de remplissage et pour <a href=\"\/fr\/produits\/lemballage\/\">d\u2019autres solutions d\u2019emballage<\/a>. Ainsi vous pouvez vous procurer <a href=\"\/fr\/contactez-imvertec-pour-lachat-dune-machine-de-dosage\/\">des machines de dosage<\/a> et des machines \u00e0 capsuler. Nos machines peuvent \u00e9galement \u00eatre \u00e9quip\u00e9es d\u2019autres fonctions telles que le collage d\u2019\u00e9tiquettes. Notre entreprise vient toujours sur place pour l\u2019installation de la machine de remplissage pour remplir un bocal ou des pots. De cette fa\u00e7on, il ne faut pas se soucier de l\u2019installation. M\u00eame apr\u00e8s l\u2019installation, Imvertec sera l\u00e0 pour vous aider en cas de probl\u00e8mes \u00e9ventuels qui surviendraient avec votre machine de remplissage ou votre machine d\u2019emballage. Toutes nos machines peuvent \u00eatre d\u00e9ploy\u00e9es de mani\u00e8re flexible et peuvent \u00eatre adapt\u00e9es sur mesure. On collabore avec plusieurs <a href=\"\/fr\/linstallation-des-systemes-de-remplissage-kolman\/\">grands fournisseurs tels que Kolman<\/a> ou Fillflex.<\/p>\n<p>[\/et_pb_text][\/et_pb_column][\/et_pb_row][et_pb_row module_class=\u00a0\u00bbgrizzly-tekst\u00a0\u00bb _builder_version=\u00a0\u00bb4.16&Prime; _module_preset=\u00a0\u00bbdefault\u00a0\u00bb global_colors_info=\u00a0\u00bb{}\u00a0\u00bb][et_pb_column type=\u00a0\u00bb4_4&Prime; _builder_version=\u00a0\u00bb4.16&Prime; _module_preset=\u00a0\u00bbdefault\u00a0\u00bb global_colors_info=\u00a0\u00bb{}\u00a0\u00bb][et_pb_text module_class=\u00a0\u00bbgrizzly-tekst\u00a0\u00bb _builder_version=\u00a0\u00bb4.19.5&Prime; _module_preset=\u00a0\u00bbdefault\u00a0\u00bb global_colors_info=\u00a0\u00bb{}\u00a0\u00bb]<\/p>\n<h3>N\u2019h\u00e9sitez pas \u00e0 faire installer une machine de remplissage pour des pots.<\/h3>\n<p>Vous optez pour l\u2019installation d\u2019une machine de remplissage qui remplit un bocal ou des pots avec votre produit\u00a0? Veuillez nous contacter. Appelez Imvertec, situ\u00e9e \u00e0 Anvers au num\u00e9ro <a href=\"tel:003238306010\">+32 3 830 60 10<\/a> ou envoyez un e-mail \u00e0 <a href=\"mailto:info@imvertec.com\">info@imvertec.com<\/a> pour de plus amples informations.<\/p>\n<p>En tant qu\u2019expert en machines de scellage, le personnel de l\u2019entreprise Imvertec sera heureux de r\u00e9pondre \u00e0 toutes vos questions. <br \/>Vous pouvez aussi demander un devis en remplissant <a href=\"\/fr\/contact\/\">le formulaire de contact en ligne<\/a>.<\/p>\n<p>[\/et_pb_text][\/et_pb_column][\/et_pb_row][\/et_pb_section]<\/p>\n","protected":false},"excerpt":{"rendered":"<p>L\u2019installation d\u2019une machine de remplissage pour un bocal Si vous voulez installer une machine de remplissage utilis\u00e9e pour remplir un bocal, vous pourrez toujours contacter Imvertec \u00e0 Anvers. Imvertec dispose d\u2019une large gamme de machines de remplissage de plusieurs marques. Imvertec ne vend non seulement des machines\u00a0 mais vient d\u2019ailleurs sur place pour l\u2019installation de [&hellip;]<\/p>\n","protected":false},"author":1,"featured_media":0,"parent":0,"menu_order":0,"comment_status":"closed","ping_status":"closed","template":"","meta":{"_et_pb_use_builder":"on","_et_pb_old_content":"","_et_gb_content_width":"","footnotes":""},"class_list":["post-1323","page","type-page","status-publish","hentry"],"yoast_head":"<!-- This site is optimized with the Yoast SEO plugin v27.1.1 - https:\/\/yoast.com\/product\/yoast-seo-wordpress\/ -->\n<title>L\u2019installation d\u2019une machine de remplissage pour un bocal - Imvertec<\/title>\n<meta name=\"robots\" content=\"index, follow, max-snippet:-1, max-image-preview:large, max-video-preview:-1\" \/>\n<link rel=\"canonical\" href=\"https:\/\/www.imvertec.com\/fr\/linstallation-dune-machine-de-remplissage-pour-un-bocal\/\" \/>\n<meta property=\"og:locale\" content=\"fr_FR\" \/>\n<meta property=\"og:type\" content=\"article\" \/>\n<meta property=\"og:title\" content=\"L\u2019installation d\u2019une machine de remplissage pour un bocal - Imvertec\" \/>\n<meta property=\"og:description\" content=\"L\u2019installation d\u2019une machine de remplissage pour un bocal Si vous voulez installer une machine de remplissage utilis\u00e9e pour remplir un bocal, vous pourrez toujours contacter Imvertec \u00e0 Anvers. Imvertec dispose d\u2019une large gamme de machines de remplissage de plusieurs marques. Imvertec ne vend non seulement des machines\u00a0 mais vient d\u2019ailleurs sur place pour l\u2019installation de [&hellip;]\" \/>\n<meta property=\"og:url\" content=\"https:\/\/www.imvertec.com\/fr\/linstallation-dune-machine-de-remplissage-pour-un-bocal\/\" \/>\n<meta property=\"og:site_name\" content=\"Imvertec\" \/>\n<meta property=\"article:modified_time\" content=\"2023-02-02T10:20:45+00:00\" \/>\n<meta name=\"twitter:card\" content=\"summary_large_image\" \/>\n<meta name=\"twitter:label1\" content=\"Dur\u00e9e de lecture estim\u00e9e\" \/>\n\t<meta name=\"twitter:data1\" content=\"4 minutes\" \/>\n<script type=\"application\/ld+json\" class=\"yoast-schema-graph\">{\"@context\":\"https:\/\/schema.org\",\"@graph\":[{\"@type\":\"WebPage\",\"@id\":\"https:\/\/www.imvertec.com\/fr\/linstallation-dune-machine-de-remplissage-pour-un-bocal\/\",\"url\":\"https:\/\/www.imvertec.com\/fr\/linstallation-dune-machine-de-remplissage-pour-un-bocal\/\",\"name\":\"L\u2019installation d\u2019une machine de remplissage pour un bocal - Imvertec\",\"isPartOf\":{\"@id\":\"https:\/\/www.imvertec.com\/fr\/#website\"},\"datePublished\":\"2023-02-02T09:05:41+00:00\",\"dateModified\":\"2023-02-02T10:20:45+00:00\",\"breadcrumb\":{\"@id\":\"https:\/\/www.imvertec.com\/fr\/linstallation-dune-machine-de-remplissage-pour-un-bocal\/#breadcrumb\"},\"inLanguage\":\"fr-FR\",\"potentialAction\":[{\"@type\":\"ReadAction\",\"target\":[\"https:\/\/www.imvertec.com\/fr\/linstallation-dune-machine-de-remplissage-pour-un-bocal\/\"]}]},{\"@type\":\"BreadcrumbList\",\"@id\":\"https:\/\/www.imvertec.com\/fr\/linstallation-dune-machine-de-remplissage-pour-un-bocal\/#breadcrumb\",\"itemListElement\":[{\"@type\":\"ListItem\",\"position\":1,\"name\":\"Home\",\"item\":\"https:\/\/www.imvertec.com\/fr\/\"},{\"@type\":\"ListItem\",\"position\":2,\"name\":\"L\u2019installation d\u2019une machine de remplissage pour un bocal\"}]},{\"@type\":\"WebSite\",\"@id\":\"https:\/\/www.imvertec.com\/fr\/#website\",\"url\":\"https:\/\/www.imvertec.com\/fr\/\",\"name\":\"Imvertec\",\"description\":\"Verpakken is ons vak!\",\"potentialAction\":[{\"@type\":\"SearchAction\",\"target\":{\"@type\":\"EntryPoint\",\"urlTemplate\":\"https:\/\/www.imvertec.com\/fr\/?s={search_term_string}\"},\"query-input\":{\"@type\":\"PropertyValueSpecification\",\"valueRequired\":true,\"valueName\":\"search_term_string\"}}],\"inLanguage\":\"fr-FR\"}]}<\/script>\n<!-- \/ Yoast SEO plugin. -->","yoast_head_json":{"title":"L\u2019installation d\u2019une machine de remplissage pour un bocal - Imvertec","robots":{"index":"index","follow":"follow","max-snippet":"max-snippet:-1","max-image-preview":"max-image-preview:large","max-video-preview":"max-video-preview:-1"},"canonical":"https:\/\/www.imvertec.com\/fr\/linstallation-dune-machine-de-remplissage-pour-un-bocal\/","og_locale":"fr_FR","og_type":"article","og_title":"L\u2019installation d\u2019une machine de remplissage pour un bocal - Imvertec","og_description":"L\u2019installation d\u2019une machine de remplissage pour un bocal Si vous voulez installer une machine de remplissage utilis\u00e9e pour remplir un bocal, vous pourrez toujours contacter Imvertec \u00e0 Anvers. Imvertec dispose d\u2019une large gamme de machines de remplissage de plusieurs marques. Imvertec ne vend non seulement des machines\u00a0 mais vient d\u2019ailleurs sur place pour l\u2019installation de [&hellip;]","og_url":"https:\/\/www.imvertec.com\/fr\/linstallation-dune-machine-de-remplissage-pour-un-bocal\/","og_site_name":"Imvertec","article_modified_time":"2023-02-02T10:20:45+00:00","twitter_card":"summary_large_image","twitter_misc":{"Dur\u00e9e de lecture estim\u00e9e":"4 minutes"},"schema":{"@context":"https:\/\/schema.org","@graph":[{"@type":"WebPage","@id":"https:\/\/www.imvertec.com\/fr\/linstallation-dune-machine-de-remplissage-pour-un-bocal\/","url":"https:\/\/www.imvertec.com\/fr\/linstallation-dune-machine-de-remplissage-pour-un-bocal\/","name":"L\u2019installation d\u2019une machine de remplissage pour un bocal - Imvertec","isPartOf":{"@id":"https:\/\/www.imvertec.com\/fr\/#website"},"datePublished":"2023-02-02T09:05:41+00:00","dateModified":"2023-02-02T10:20:45+00:00","breadcrumb":{"@id":"https:\/\/www.imvertec.com\/fr\/linstallation-dune-machine-de-remplissage-pour-un-bocal\/#breadcrumb"},"inLanguage":"fr-FR","potentialAction":[{"@type":"ReadAction","target":["https:\/\/www.imvertec.com\/fr\/linstallation-dune-machine-de-remplissage-pour-un-bocal\/"]}]},{"@type":"BreadcrumbList","@id":"https:\/\/www.imvertec.com\/fr\/linstallation-dune-machine-de-remplissage-pour-un-bocal\/#breadcrumb","itemListElement":[{"@type":"ListItem","position":1,"name":"Home","item":"https:\/\/www.imvertec.com\/fr\/"},{"@type":"ListItem","position":2,"name":"L\u2019installation d\u2019une machine de remplissage pour un bocal"}]},{"@type":"WebSite","@id":"https:\/\/www.imvertec.com\/fr\/#website","url":"https:\/\/www.imvertec.com\/fr\/","name":"Imvertec","description":"Verpakken is ons vak!","potentialAction":[{"@type":"SearchAction","target":{"@type":"EntryPoint","urlTemplate":"https:\/\/www.imvertec.com\/fr\/?s={search_term_string}"},"query-input":{"@type":"PropertyValueSpecification","valueRequired":true,"valueName":"search_term_string"}}],"inLanguage":"fr-FR"}]}},"_links":{"self":[{"href":"https:\/\/www.imvertec.com\/fr\/wp-json\/wp\/v2\/pages\/1323","targetHints":{"allow":["GET"]}}],"collection":[{"href":"https:\/\/www.imvertec.com\/fr\/wp-json\/wp\/v2\/pages"}],"about":[{"href":"https:\/\/www.imvertec.com\/fr\/wp-json\/wp\/v2\/types\/page"}],"author":[{"embeddable":true,"href":"https:\/\/www.imvertec.com\/fr\/wp-json\/wp\/v2\/users\/1"}],"replies":[{"embeddable":true,"href":"https:\/\/www.imvertec.com\/fr\/wp-json\/wp\/v2\/comments?post=1323"}],"version-history":[{"count":4,"href":"https:\/\/www.imvertec.com\/fr\/wp-json\/wp\/v2\/pages\/1323\/revisions"}],"predecessor-version":[{"id":1376,"href":"https:\/\/www.imvertec.com\/fr\/wp-json\/wp\/v2\/pages\/1323\/revisions\/1376"}],"wp:attachment":[{"href":"https:\/\/www.imvertec.com\/fr\/wp-json\/wp\/v2\/media?parent=1323"}],"curies":[{"name":"wp","href":"https:\/\/api.w.org\/{rel}","templated":true}]}}